{"id":13,"date":"2015-06-30T09:56:57","date_gmt":"2015-06-30T06:56:57","guid":{"rendered":"http:\/\/support.mobiroller.com\/?page_id=13"},"modified":"2020-04-03T13:17:45","modified_gmt":"2020-04-03T10:17:45","slug":"ana-sayfa","status":"publish","type":"page","link":"https:\/\/support.mobiroller.com\/tr\/","title":{"rendered":"Ana Sayfa"},"content":{"rendered":"","protected":false},"excerpt":{"rendered":"","protected":false},"author":1,"featured_media":0,"parent":0,"menu_order":1,"comment_status":"open","ping_status":"open","template":"template-front-page.php","meta":{"footnotes":""},"class_list":["post-13","page","type-page","status-publish","hentry"],"yoast_head":"<!-- This site is optimized with the Yoast SEO plugin v23.2 - https:\/\/yoast.com\/wordpress\/plugins\/seo\/ -->\n<title>Mobiroller Bilgi Bankas\u0131<\/title>\n<meta name=\"description\" content=\"Android uygulama ve iOS uygulama nas\u0131l yap\u0131l\u0131r? Google Play ve Apple Store&#039;da nas\u0131l yay\u0131nlan\u0131r? \u00dccretsiz uygulama yapma imkan\u0131 ile Mobiroller&#039;da test edin!\" \/>\n<meta name=\"robots\" content=\"index, follow, max-snippet:-1, max-image-preview:large, max-video-preview:-1\" \/>\n<link rel=\"canonical\" href=\"https:\/\/support.mobiroller.com\/tr\/\" \/>\n<meta property=\"og:locale\" content=\"tr_TR\" \/>\n<meta property=\"og:type\" content=\"article\" \/>\n<meta property=\"og:title\" content=\"Mobiroller Bilgi Bankas\u0131\" \/>\n<meta property=\"og:description\" content=\"Android uygulama ve iOS uygulama nas\u0131l yap\u0131l\u0131r? Google Play ve Apple Store&#039;da nas\u0131l yay\u0131nlan\u0131r? \u00dccretsiz uygulama yapma imkan\u0131 ile Mobiroller&#039;da test edin!\" \/>\n<meta property=\"og:url\" content=\"https:\/\/support.mobiroller.com\/tr\/\" \/>\n<meta property=\"og:site_name\" content=\"Mobiroller Bilgi Bankas\u0131\" \/>\n<meta property=\"article:modified_time\" content=\"2020-04-03T10:17:45+00:00\" \/>\n<meta name=\"twitter:card\" content=\"summary_large_image\" \/>\n<script type=\"application\/ld+json\" class=\"yoast-schema-graph\">{\"@context\":\"https:\/\/schema.org\",\"@graph\":[{\"@type\":\"WebPage\",\"@id\":\"https:\/\/support.mobiroller.com\/tr\/\",\"url\":\"https:\/\/support.mobiroller.com\/tr\/\",\"name\":\"Mobiroller Bilgi Bankas\u0131\",\"isPartOf\":{\"@id\":\"https:\/\/support.mobiroller.com\/en\/#website\"},\"datePublished\":\"2015-06-30T06:56:57+00:00\",\"dateModified\":\"2020-04-03T10:17:45+00:00\",\"description\":\"Android uygulama ve iOS uygulama nas\u0131l yap\u0131l\u0131r? Google Play ve Apple Store'da nas\u0131l yay\u0131nlan\u0131r? \u00dccretsiz uygulama yapma imkan\u0131 ile Mobiroller'da test edin!\",\"breadcrumb\":{\"@id\":\"https:\/\/support.mobiroller.com\/tr\/#breadcrumb\"},\"inLanguage\":\"tr\",\"potentialAction\":[{\"@type\":\"ReadAction\",\"target\":[\"https:\/\/support.mobiroller.com\/tr\/\"]}]},{\"@type\":\"BreadcrumbList\",\"@id\":\"https:\/\/support.mobiroller.com\/tr\/#breadcrumb\",\"itemListElement\":[{\"@type\":\"ListItem\",\"position\":1,\"name\":\"Home\",\"item\":\"https:\/\/support.mobiroller.com\/tr\/\"},{\"@type\":\"ListItem\",\"position\":2,\"name\":\"Ana Sayfa\"}]},{\"@type\":\"WebSite\",\"@id\":\"https:\/\/support.mobiroller.com\/en\/#website\",\"url\":\"https:\/\/support.mobiroller.com\/en\/\",\"name\":\"Mobiroller Bilgi Bankas\u0131\",\"description\":\"Make your own mobile app!\",\"publisher\":{\"@id\":\"https:\/\/support.mobiroller.com\/en\/#organization\"},\"potentialAction\":[{\"@type\":\"SearchAction\",\"target\":{\"@type\":\"EntryPoint\",\"urlTemplate\":\"https:\/\/support.mobiroller.com\/en\/?s={search_term_string}\"},\"query-input\":\"required name=search_term_string\"}],\"inLanguage\":\"tr\"},{\"@type\":\"Organization\",\"@id\":\"https:\/\/support.mobiroller.com\/en\/#organization\",\"name\":\"Mobiroller App Maker\",\"url\":\"https:\/\/support.mobiroller.com\/en\/\",\"logo\":{\"@type\":\"ImageObject\",\"inLanguage\":\"tr\",\"@id\":\"https:\/\/support.mobiroller.com\/en\/#\/schema\/logo\/image\/\",\"url\":\"https:\/\/support.mobiroller.com\/wp-content\/uploads\/2015\/06\/logo.png\",\"contentUrl\":\"https:\/\/support.mobiroller.com\/wp-content\/uploads\/2015\/06\/logo.png\",\"width\":296,\"height\":70,\"caption\":\"Mobiroller App Maker\"},\"image\":{\"@id\":\"https:\/\/support.mobiroller.com\/en\/#\/schema\/logo\/image\/\"}}]}<\/script>\n<!-- \/ Yoast SEO plugin. -->","yoast_head_json":{"title":"Mobiroller Bilgi Bankas\u0131","description":"Android uygulama ve iOS uygulama nas\u0131l yap\u0131l\u0131r? Google Play ve Apple Store'da nas\u0131l yay\u0131nlan\u0131r? \u00dccretsiz uygulama yapma imkan\u0131 ile Mobiroller'da test edin!","robots":{"index":"index","follow":"follow","max-snippet":"max-snippet:-1","max-image-preview":"max-image-preview:large","max-video-preview":"max-video-preview:-1"},"canonical":"https:\/\/support.mobiroller.com\/tr\/","og_locale":"tr_TR","og_type":"article","og_title":"Mobiroller Bilgi Bankas\u0131","og_description":"Android uygulama ve iOS uygulama nas\u0131l yap\u0131l\u0131r? Google Play ve Apple Store'da nas\u0131l yay\u0131nlan\u0131r? \u00dccretsiz uygulama yapma imkan\u0131 ile Mobiroller'da test edin!","og_url":"https:\/\/support.mobiroller.com\/tr\/","og_site_name":"Mobiroller Bilgi Bankas\u0131","article_modified_time":"2020-04-03T10:17:45+00:00","twitter_card":"summary_large_image","schema":{"@context":"https:\/\/schema.org","@graph":[{"@type":"WebPage","@id":"https:\/\/support.mobiroller.com\/tr\/","url":"https:\/\/support.mobiroller.com\/tr\/","name":"Mobiroller Bilgi Bankas\u0131","isPartOf":{"@id":"https:\/\/support.mobiroller.com\/en\/#website"},"datePublished":"2015-06-30T06:56:57+00:00","dateModified":"2020-04-03T10:17:45+00:00","description":"Android uygulama ve iOS uygulama nas\u0131l yap\u0131l\u0131r? Google Play ve Apple Store'da nas\u0131l yay\u0131nlan\u0131r? \u00dccretsiz uygulama yapma imkan\u0131 ile Mobiroller'da test edin!","breadcrumb":{"@id":"https:\/\/support.mobiroller.com\/tr\/#breadcrumb"},"inLanguage":"tr","potentialAction":[{"@type":"ReadAction","target":["https:\/\/support.mobiroller.com\/tr\/"]}]},{"@type":"BreadcrumbList","@id":"https:\/\/support.mobiroller.com\/tr\/#breadcrumb","itemListElement":[{"@type":"ListItem","position":1,"name":"Home","item":"https:\/\/support.mobiroller.com\/tr\/"},{"@type":"ListItem","position":2,"name":"Ana Sayfa"}]},{"@type":"WebSite","@id":"https:\/\/support.mobiroller.com\/en\/#website","url":"https:\/\/support.mobiroller.com\/en\/","name":"Mobiroller Bilgi Bankas\u0131","description":"Make your own mobile app!","publisher":{"@id":"https:\/\/support.mobiroller.com\/en\/#organization"},"potentialAction":[{"@type":"SearchAction","target":{"@type":"EntryPoint","urlTemplate":"https:\/\/support.mobiroller.com\/en\/?s={search_term_string}"},"query-input":"required name=search_term_string"}],"inLanguage":"tr"},{"@type":"Organization","@id":"https:\/\/support.mobiroller.com\/en\/#organization","name":"Mobiroller App Maker","url":"https:\/\/support.mobiroller.com\/en\/","logo":{"@type":"ImageObject","inLanguage":"tr","@id":"https:\/\/support.mobiroller.com\/en\/#\/schema\/logo\/image\/","url":"https:\/\/support.mobiroller.com\/wp-content\/uploads\/2015\/06\/logo.png","contentUrl":"https:\/\/support.mobiroller.com\/wp-content\/uploads\/2015\/06\/logo.png","width":296,"height":70,"caption":"Mobiroller App Maker"},"image":{"@id":"https:\/\/support.mobiroller.com\/en\/#\/schema\/logo\/image\/"}}]}},"_links":{"self":[{"href":"https:\/\/support.mobiroller.com\/tr\/wp-json\/wp\/v2\/pages\/13"}],"collection":[{"href":"https:\/\/support.mobiroller.com\/tr\/wp-json\/wp\/v2\/pages"}],"about":[{"href":"https:\/\/support.mobiroller.com\/tr\/wp-json\/wp\/v2\/types\/page"}],"author":[{"embeddable":true,"href":"https:\/\/support.mobiroller.com\/tr\/wp-json\/wp\/v2\/users\/1"}],"replies":[{"embeddable":true,"href":"https:\/\/support.mobiroller.com\/tr\/wp-json\/wp\/v2\/comments?post=13"}],"version-history":[{"count":1,"href":"https:\/\/support.mobiroller.com\/tr\/wp-json\/wp\/v2\/pages\/13\/revisions"}],"predecessor-version":[{"id":14,"href":"https:\/\/support.mobiroller.com\/tr\/wp-json\/wp\/v2\/pages\/13\/revisions\/14"}],"wp:attachment":[{"href":"https:\/\/support.mobiroller.com\/tr\/wp-json\/wp\/v2\/media?parent=13"}],"curies":[{"name":"wp","href":"https:\/\/api.w.org\/{rel}","templated":true}]}}