{"id":6421,"date":"2020-04-15T11:54:24","date_gmt":"2020-04-15T08:54:24","guid":{"rendered":"https:\/\/support.mobiroller.com\/ios-version-notes\/"},"modified":"2021-09-13T00:25:17","modified_gmt":"2021-09-12T21:25:17","slug":"ios-versiyon-notlari","status":"publish","type":"page","link":"https:\/\/support.mobiroller.com\/tr\/ios-versiyon-notlari\/","title":{"rendered":"iOS Versiyon Notlar\u0131"},"content":{"rendered":"<p>T\u00fcm g\u00fcncellemelerden haberdar olabilmek i\u00e7in\u00a0<a href=\"https:\/\/support.mobiroller.com\/tr\/android-versiyon-notlari\/\">Android versiyon notlar\u0131<\/a>\u00a0ve\u00a0<a href=\"https:\/\/support.mobiroller.com\/tr\/kontrol-paneli-versiyon-notlari\/\">Kontrol Paneli versiyon notlar\u0131<\/a>\u00a0da g\u00f6z atabilirsiniz.<\/p>\n<p>Yeni versiyonu uygulaman\u0131zda aktif edebilmek i\u00e7in iOS uygulaman\u0131z\u0131 Apple App Store\u2019da g\u00fcncellemeniz gerekmektedir. iOS uygulaman\u0131z\u0131 nas\u0131l g\u00fcncelleyebilece\u011finizle ilgili detayl\u0131 bilgiye\u00a0<a href=\"https:\/\/support.mobiroller.com\/tr\/?post_type=st_kb&#038;p=2206\">buradan<\/a>\u00a0ula\u015fabilirsiniz.<\/p>\n\n<div class=\"awesome-changelog awesome-changelog-6421\">\n\t\n\t<h2><\/h2>\n\t\n\t<div class='changelog changelog-0'><span class='version'>v2.06.9<\/span><span class='date pt-tooltip  tooltipstered'> - 02.09.2021<\/span><ul class='log-items'>\n\t\t\t<li>\n\t\t\t\t<span class='type trbugfix'>Hata Giderme<\/span>\n\t\t\t\t<span class='content'>Uygulama i\u00e7i sat\u0131n alma (IAP) mod\u00fcl\u00fcnde wifi'yi kapat\u0131nca ya\u015fanan hata d\u00fczeltildi.<\/span>\n\t\t\t<\/li><\/ul><\/div><div class='changelog changelog-1'><span class='version'>v2.06.7<\/span><span class='date pt-tooltip  tooltipstered'> - 05.08.2021<\/span><ul class='log-items'>\n\t\t\t<li>\n\t\t\t\t<span class='type trimproved'>\u0130yile\u015ftirme<\/span>\n\t\t\t\t<span class='content'>Favori mod\u00fcl\u00fcndeki crash hatas\u0131 d\u00fczeltildi.<\/span>\n\t\t\t<\/li><\/ul><\/div><div class='changelog changelog-2'><span class='version'>v2.06.6<\/span><span class='date pt-tooltip  tooltipstered'> - 02.07.2021<\/span><ul class='log-items'>\n\t\t\t<li>\n\t\t\t\t<span class='type trimproved'>\u0130yile\u015ftirme<\/span>\n\t\t\t\t<span class='content'>Yandan a\u00e7\u0131lan men\u00fc metin rengi android ile e\u015flenik olacak hale getirildi.<\/span>\n\t\t\t<\/li><\/ul><\/div><div class='changelog changelog-3'><span class='version'>v2.06.1<\/span><span class='date pt-tooltip  tooltipstered'> - 18.05.2021<\/span><ul class='log-items'>\n\t\t\t<li>\n\t\t\t\t<span class='type trimproved'>\u0130yile\u015ftirme<\/span>\n\t\t\t\t<span class='content'>Webview mod\u00fcl\u00fc i\u00e7in mikrofon izni deste\u011fi eklendi.<\/span>\n\t\t\t<\/li><\/ul><\/div><div class='changelog changelog-4'><span class='version'>v2.05.19<\/span><span class='date pt-tooltip  tooltipstered'> - 18.04.2021<\/span><ul class='log-items'>\n\t\t\t<li>\n\t\t\t\t<span class='type trbugfix'>Hata Giderme<\/span>\n\t\t\t\t<span class='content'>Katalog mod\u00fcl\u00fc ile ilgili t\u00fcm g\u00f6rsellerin mod\u00fcl a\u00e7\u0131lmadan y\u00fcklenmesinden kaynakl\u0131 olu\u015fan hatalar d\u00fczeltildi.<\/span>\n\t\t\t<\/li><\/ul><\/div><div class='changelog changelog-5'><span class='version'>v2.05.18<\/span><span class='date pt-tooltip  tooltipstered'> - 10.04.2021<\/span><ul class='log-items'>\n\t\t\t<li>\n\t\t\t\t<span class='type trbugfix'>Hata Giderme<\/span>\n\t\t\t\t<span class='content'>Youtube mod\u00fcl\u00fc a\u00e7\u0131l\u0131nca uygulaman\u0131n crash olmas\u0131 d\u00fczetildi.<\/span>\n\t\t\t<\/li><\/ul><\/div><div class='changelog changelog-6'><span class='version'>v2.05.17<\/span><span class='date pt-tooltip  tooltipstered'> - 23.03.2021<\/span><ul class='log-items'>\n\t\t\t<li>\n\t\t\t\t<span class='type trimproved'>\u0130yile\u015ftirme<\/span>\n\t\t\t\t<span class='content'>IAP - Abonelik sat\u0131n al\u0131mlar\u0131nda detay ekran\u0131nda paket periyodunun g\u00f6sterilmesi.<\/span>\n\t\t\t<\/li><\/ul><\/div><div class='changelog changelog-7'><span class='version'>v2.05.13<\/span><span class='date pt-tooltip  tooltipstered'> - 30.01.2021<\/span><ul class='log-items'>\n\t\t\t<li>\n\t\t\t\t<span class='type trimproved'>\u0130yile\u015ftirme<\/span>\n\t\t\t\t<span class='content'>Uygulamalar\u0131n ilk a\u00e7\u0131l\u0131\u015fta \u00e7ok yava\u015f a\u00e7\u0131lmas\u0131na ili\u015fkin iyile\u015ftirme yap\u0131ld\u0131.<\/span>\n\t\t\t<\/li>\n\t\t\t<li>\n\t\t\t\t<span class='type trimproved'>\u0130yile\u015ftirme<\/span>\n\t\t\t\t<span class='content'>Uygulama a\u00e7\u0131l\u0131\u015f\u0131nda sorulan lokasyon izni kald\u0131r\u0131ld\u0131. Web ve harita mod\u00fcl\u00fcnde lokasyon iznin dinamik olarak al\u0131nmas\u0131 sa\u011fland\u0131.<\/span>\n\t\t\t<\/li><\/ul><\/div><div class='changelog changelog-8'><span class='version'>v2.05.12<\/span><span class='date pt-tooltip  tooltipstered'> - 14.01.2021<\/span><ul class='log-items'>\n\t\t\t<li>\n\t\t\t\t<span class='type trbugfix'>Hata Giderme<\/span>\n\t\t\t\t<span class='content'>S\u0131k Sorulan Sorular mod\u00fcl\u00fc iOS taraf\u0131nda g\u00f6r\u00fcnt\u00fclenmiyordu. Bu sorun d\u00fczeltildi.<\/span>\n\t\t\t<\/li>\n\t\t\t<li>\n\t\t\t\t<span class='type trbugfix'>Hata Giderme<\/span>\n\t\t\t\t<span class='content'>Form mod\u00fcl\u00fcnde metin uzun olursa switch butonunun \u00fczerinde yaz\u0131lar yer al\u0131yordu. Bu durum d\u00fczeltildi.<\/span>\n\t\t\t<\/li><\/ul><\/div><div class='changelog changelog-9'><span class='version'>v2.05.11<\/span><span class='date pt-tooltip  tooltipstered'> - 07.01.2021<\/span><ul class='log-items'>\n\t\t\t<li>\n\t\t\t\t<span class='type trimproved'>\u0130yile\u015ftirme<\/span>\n\t\t\t\t<span class='content'>Radyo dinlerken TV mod\u00fcl\u00fc a\u00e7\u0131l\u0131rsa sesler \u00fcst \u00fcste biniyordu. Art\u0131k radyo dinlerken TV mod\u00fcl\u00fc a\u00e7\u0131l\u0131rsa radyo duracak \u015fekilde ayarland\u0131.<\/span>\n\t\t\t<\/li>\n\t\t\t<li>\n\t\t\t\t<span class='type trbugfix'>Hata Giderme<\/span>\n\t\t\t\t<span class='content'>Radyo dinlerken uygulamay\u0131 arka plana at\u0131nca radyo k\u0131sa bir s\u00fcre i\u00e7inde kapan\u0131yordu. Bunun i\u00e7in hata d\u00fczeltmesi yap\u0131ld\u0131.<\/span>\n\t\t\t<\/li>\n\t\t\t<li>\n\t\t\t\t<span class='type trbugfix'>Hata Giderme<\/span>\n\t\t\t\t<span class='content'>Men\u00fc yaz\u0131lar\u0131n\u0131n g\u00f6z\u00fckmeme problemi giderildi.<\/span>\n\t\t\t<\/li><\/ul><\/div><div class='changelog changelog-10'><span class='version'>v2.05.09<\/span><span class='date pt-tooltip  tooltipstered'> - 23.12.2020<\/span><ul class='log-items'>\n\t\t\t<li>\n\t\t\t\t<span class='type trbugfix'>Hata Giderme<\/span>\n\t\t\t\t<span class='content'>\u0130ngilizce dilinde yap\u0131lm\u0131\u015f bir uygulaman\u0131n, uyar\u0131lar\u0131n sadece T\u00fcrk\u00e7e dilinde gelmesi y\u00fcz\u00fcnden, markete yay\u0131nlanam\u0131yordu. Bu durum d\u00fczeltildi.<\/span>\n\t\t\t<\/li>\n\t\t\t<li>\n\t\t\t\t<span class='type trbugfix'>Hata Giderme<\/span>\n\t\t\t\t<span class='content'>Uygulamalarda, men\u00fc yaz\u0131lar\u0131 g\u00f6r\u00fcnmeme problemi giderildi.<\/span>\n\t\t\t<\/li><\/ul><\/div><div class='changelog changelog-11'><span class='version'>v2.05.08<\/span><span class='date pt-tooltip  tooltipstered'> - 04.12.2020<\/span><ul class='log-items'>\n\t\t\t<li>\n\t\t\t\t<span class='type trbugfix'>Hata Giderme<\/span>\n\t\t\t\t<span class='content'>IAP ekranlar\u0131ndaki, \u00f6deme al\u0131nmas\u0131na ra\u011fmen m\u00fc\u015fterilerin ekranlar\u0131 g\u00f6rememesi sorunu giderildi.<\/span>\n\t\t\t<\/li>\n\t\t\t<li>\n\t\t\t\t<span class='type trbugfix'>Hata Giderme<\/span>\n\t\t\t\t<span class='content'>Geli\u015fmi\u015f men\u00fc tipinde IAP ekran\u0131 a\u00e7\u0131l\u0131rsa daha sonraki a\u00e7\u0131lan ekranlarda \u00fcst bar'\u0131n g\u00f6z\u00fckmemesi sorunu giderildi.<\/span>\n\t\t\t<\/li><\/ul><\/div><div class='changelog changelog-12'><span class='version'>v2.05.07<\/span><span class='date pt-tooltip  tooltipstered'> - 08.12.2020<\/span><ul class='log-items'>\n\t\t\t<li>\n\t\t\t\t<span class='type trbugfix'>Hata Giderme<\/span>\n\t\t\t\t<span class='content'>Webview modul\u00fcnde sosyal medya ikonlar\u0131na t\u0131klad\u0131\u011f\u0131nda beyaz ekran a\u00e7\u0131lma sorunu giderildi.<\/span>\n\t\t\t<\/li>\n\t\t\t<li>\n\t\t\t\t<span class='type trimproved'>\u0130yile\u015ftirme<\/span>\n\t\t\t\t<span class='content'>Webview modelinde Swipe gesture deste\u011fi sa\u011fland\u0131, b\u00f6ylece kullan\u0131c\u0131lar ekran\u0131 swipe ederek geri gelebilecekler.<\/span>\n\t\t\t<\/li><\/ul><\/div><div class='changelog changelog-13'><span class='version'>v2.05.05<\/span><span class='date pt-tooltip  tooltipstered'> - 17.11.2020<\/span><ul class='log-items'>\n\t\t\t<li>\n\t\t\t\t<span class='type trimproved'>\u0130yile\u015ftirme<\/span>\n\t\t\t\t<span class='content'>\u0130zin a\u00e7\u0131klamalar\u0131 i\u00e7in birden fazla dil deste\u011fi eklendi.<\/span>\n\t\t\t<\/li><\/ul><\/div><div class='changelog changelog-14'><span class='version'>v2.05.04<\/span><span class='date pt-tooltip  tooltipstered'> - 11.11.2020<\/span><ul class='log-items'>\n\t\t\t<li>\n\t\t\t\t<span class='type trbugfix'>Hata Giderme<\/span>\n\t\t\t\t<span class='content'>IAP s\u0131ras\u0131nda olu\u015fan \u00f6deme hatalar\u0131 d\u00fczeltildi.<\/span>\n\t\t\t<\/li>\n\t\t\t<li>\n\t\t\t\t<span class='type trimproved'>\u0130yile\u015ftirme<\/span>\n\t\t\t\t<span class='content'>IAP detay ekran\u0131na \u201cSat\u0131n Almalar\u0131 Geri Y\u00fckle\u201d butonu eklendi.<\/span>\n\t\t\t<\/li><\/ul><\/div><div class='changelog changelog-15'><span class='version'>v2.04.03<\/span><span class='date pt-tooltip  tooltipstered'> - 01.09.2020<\/span><ul class='log-items'>\n\t\t\t<li>\n\t\t\t\t<span class='type trbugfix'>Hata Giderme<\/span>\n\t\t\t\t<span class='content'>Foto\u011fraf galerisi mod\u00fcl\u00fcne y\u00fcklenen resimler uygulama i\u00e7erisinde g\u00f6sterilmiyor hatas\u0131 d\u00fczeltildi.<\/span>\n\t\t\t<\/li><\/ul><\/div><div class='changelog changelog-16'><span class='version'>v2.04.02<\/span><span class='date pt-tooltip  tooltipstered'> - 03.06.2020<\/span><ul class='log-items'>\n\t\t\t<li>\n\t\t\t\t<span class='type trbugfix'>Hata Giderme<\/span>\n\t\t\t\t<span class='content'>\u0130\u00e7eriklerin banner reklam alan\u0131n alt\u0131nda g\u00f6r\u00fcnmesi ile ilgili hata d\u00fczeltildi.<\/span>\n\t\t\t<\/li>\n\t\t\t<li>\n\t\t\t\t<span class='type trbugfix'>Hata Giderme<\/span>\n\t\t\t\t<span class='content'>Alt men\u00fc i\u00e7erisine eklenen \u00f6zel ekran mod\u00fcllerinde ekran\u0131n 3\/4 \u015fekilde g\u00f6r\u00fcnmesi ile ilgili hata d\u00fczeltildi.<\/span>\n\t\t\t<\/li><\/ul><\/div><div class='changelog changelog-17'><span class='version'>v2.04.01<\/span><span class='date pt-tooltip  tooltipstered'> - 31.03.2020<\/span><ul class='log-items'>\n\t\t\t<li>\n\t\t\t\t<span class='type trbugfix'>Hata Giderme<\/span>\n\t\t\t\t<span class='content'>Klasik men\u00fc tipinde banner reklamlar\u0131n g\u00f6sterilememesi hatas\u0131 d\u00fczeltildi.<\/span>\n\t\t\t<\/li>\n\t\t\t<li>\n\t\t\t\t<span class='type trbugfix'>Hata Giderme<\/span>\n\t\t\t\t<span class='content'>UIWebView Deprecated API Usage hatas\u0131 d\u00fczeltildi.<\/span>\n\t\t\t<\/li>\n\t\t\t<li>\n\t\t\t\t<span class='type trbugfix'>Hata Giderme<\/span>\n\t\t\t\t<span class='content'>Varsay\u0131lan men\u00fc metin renginin alt men\u00fclere yans\u0131mamas\u0131 hatas\u0131 d\u00fczeltildi.<\/span>\n\t\t\t<\/li><\/ul><\/div><div class='changelog changelog-18'><span class='version'>v2.04<\/span><span class='date pt-tooltip  tooltipstered'> - 03.03.2020<\/span><ul class='log-items'>\n\t\t\t<li>\n\t\t\t\t<span class='type trbugfix'>Hata Giderme<\/span>\n\t\t\t\t<span class='content'>YouTube mod\u00fcl\u00fcn\u00fcn i\u00e7eriklerinin gelmemesi ile ilgili problem giderildi.<\/span>\n\t\t\t<\/li>\n\t\t\t<li>\n\t\t\t\t<span class='type trbugfix'>Hata Giderme<\/span>\n\t\t\t\t<span class='content'>Klasik men\u00fc tipinde men\u00fc yaz\u0131lar\u0131n\u0131n otomatik olarak beyaz g\u00f6r\u00fcnmesi problemi giderildi.<\/span>\n\t\t\t<\/li>\n\t\t\t<li>\n\t\t\t\t<span class='type trbugfix'>Hata Giderme<\/span>\n\t\t\t\t<span class='content'>Geli\u015fmi\u015f men\u00fc tipinde Hakk\u0131m\u0131zda mod\u00fcl\u00fcn\u00fcn \u00e7al\u0131\u015fmamas\u0131 ile ilgili problem giderildi.<\/span>\n\t\t\t<\/li><\/ul><\/div><div class='changelog changelog-19'><span class='version'>v2.03.11<\/span><span class='date pt-tooltip  tooltipstered'> - 21.02.2020<\/span><ul class='log-items'>\n\t\t\t<li>\n\t\t\t\t<span class='type trbugfix'>Hata Giderme<\/span>\n\t\t\t\t<span class='content'>Cihaz dark mode aktif oldu\u011funda \u00fcr\u00fcn katalog mod\u00fcl\u00fcnde g\u00f6r\u00fcnen yaz\u0131lar\u0131n beyaz g\u00f6r\u00fcnmesi hatas\u0131 giderildi.<\/span>\n\t\t\t<\/li><\/ul><\/div><div class='changelog changelog-20'><span class='version'>v2.03.10<\/span><span class='date pt-tooltip  tooltipstered'> - 12.02.2020<\/span><ul class='log-items'>\n\t\t\t<li>\n\t\t\t\t<span class='type trbugfix'>Hata Giderme<\/span>\n\t\t\t\t<span class='content'>\u0130\u00e7eriklerin uygulamaya ge\u00e7 yans\u0131mas\u0131 ile ilgili problem giderildi.<\/span>\n\t\t\t<\/li><\/ul><\/div><div class='changelog changelog-21'><span class='version'>v2.03.09<\/span><span class='date pt-tooltip  tooltipstered'> - 11.02.2020<\/span><ul class='log-items'>\n\t\t\t<li>\n\t\t\t\t<span class='type trbugfix'>Hata Giderme<\/span>\n\t\t\t\t<span class='content'>Hakk\u0131m\u0131zda mod\u00fcl\u00fcn\u00fcn \u00e7al\u0131\u015fmamas\u0131 ile ilgili problem giderildi.<\/span>\n\t\t\t<\/li>\n\t\t\t<li>\n\t\t\t\t<span class='type trbugfix'>Hata Giderme<\/span>\n\t\t\t\t<span class='content'>Alt men\u00fcde acil ve \u00f6nemli numralar mod\u00fclleri ve \u00fcr\u00fcn katalo\u011fu mod\u00fcllerinin \u00e7al\u0131\u015fmamas\u0131 ile ilgili problem giderildi.<\/span>\n\t\t\t<\/li><\/ul><\/div><div class='changelog changelog-22'><span class='version'>v2.03.08<\/span><span class='date pt-tooltip  tooltipstered'> - 23.01.2020<\/span><ul class='log-items'>\n\t\t\t<li>\n\t\t\t\t<span class='type trbugfix'>Hata Giderme<\/span>\n\t\t\t\t<span class='content'>Webview i\u00e7eri\u011fi tamamen y\u00fcklenmeden g\u00f6sterilmemesi hatas\u0131 giderildi.<\/span>\n\t\t\t<\/li>\n\t\t\t<li>\n\t\t\t\t<span class='type trbugfix'>Hata Giderme<\/span>\n\t\t\t\t<span class='content'>Foto\u011fraf galerisinde foto\u011fraflar\u0131n ekrana tam oturmamas\u0131 ile ilgili problem giderildi.<\/span>\n\t\t\t<\/li>\n\t\t\t<li>\n\t\t\t\t<span class='type trbugfix'>Hata Giderme<\/span>\n\t\t\t\t<span class='content'>Arka planda yer alan sar\u0131 renk tonu ile ilgili problem giderildi.<\/span>\n\t\t\t<\/li><\/ul><\/div><div class='changelog changelog-23'><span class='version'>v2.02.26<\/span><span class='date pt-tooltip  tooltipstered'> - 02.04.2019<\/span><ul class='log-items'>\n\t\t\t<li>\n\t\t\t\t<span class='type trnewfeature'>Yenilik<\/span>\n\t\t\t\t<span class='content'>Form ve kullan\u0131c\u0131 profil ekran\u0131nda foto\u011fraf ekleme se\u00e7ene\u011fine kamera\u2019dan \u00e7ekim yapabilme \u00f6zelli\u011fi eklendi.<\/span>\n\t\t\t<\/li>\n\t\t\t<li>\n\t\t\t\t<span class='type trbugfix'>Hata Giderme<\/span>\n\t\t\t\t<span class='content'>Katalog mod\u00fcl\u00fcne \u00e7ok fazla i\u00e7erik eklenince bozulmas\u0131 ile ilgili problem giderildi.<\/span>\n\t\t\t<\/li>\n\t\t\t<li>\n\t\t\t\t<span class='type trbugfix'>Hata Giderme<\/span>\n\t\t\t\t<span class='content'>Anl\u0131k bildirimlerin mesaj kutusuna d\u00fc\u015fmemesi ile ilgili problem giderildi.<\/span>\n\t\t\t<\/li><\/ul><\/div><div class='changelog changelog-24'><span class='version'>v2.02.18<\/span><span class='date pt-tooltip  tooltipstered'> - 16.07.2018<\/span><ul class='log-items'>\n\t\t\t<li>\n\t\t\t\t<span class='type trbugfix'>Hata Giderme<\/span>\n\t\t\t\t<span class='content'>RSS ekran\u0131ndaki yerle\u015fim ve tasar\u0131m hatas\u0131 d\u00fczeltildi.<\/span>\n\t\t\t<\/li><\/ul><\/div><div class='changelog changelog-25'><span class='version'>v2.02.17<\/span><span class='date pt-tooltip  tooltipstered'> - 22.06.2018<\/span><ul class='log-items'>\n\t\t\t<li>\n\t\t\t\t<span class='type trnewfeature'>Yenilik<\/span>\n\t\t\t\t<span class='content'>Yandan a\u00e7\u0131lan men\u00fc tipine yeni bir se\u00e7enek eklendi.<\/span>\n\t\t\t<\/li>\n\t\t\t<li>\n\t\t\t\t<span class='type trnewfeature'>Yenilik<\/span>\n\t\t\t\t<span class='content'>Web sitesi mod\u00fcl\u00fc i\u00e7in URL dil deste\u011fi getirildi. Uygulaman\u0131za birden fazla dil se\u00e7ene\u011fi eklerseniz, web sitesi mod\u00fcl\u00fcnde her dil i\u00e7in farkl\u0131 bir URL ekleyebilirsiniz.<\/span>\n\t\t\t<\/li>\n\t\t\t<li>\n\t\t\t\t<span class='type trnewfeature'>Yenilik<\/span>\n\t\t\t\t<span class='content'>Web sitesi mod\u00fcl\u00fcnde \u00fcst bar kapatma se\u00e7ene\u011fi aktif edildi.<\/span>\n\t\t\t<\/li><\/ul><\/div><div class='changelog changelog-26'><span class='version'>v2.02.16<\/span><span class='date pt-tooltip  tooltipstered'> - 11.02.2018<\/span><ul class='log-items'>\n\t\t\t<li>\n\t\t\t\t<span class='type trnewfeature'>Yenilik<\/span>\n\t\t\t\t<span class='content'>YouTube mod\u00fcl\u00fc yenilendi.<\/span>\n\t\t\t<\/li>\n\t\t\t<li>\n\t\t\t\t<span class='type trnewfeature'>Yenilik<\/span>\n\t\t\t\t<span class='content'>Form mod\u00fcl\u00fcne foto\u011fraf ekleme \u00f6zelli\u011fi getirildi.<\/span>\n\t\t\t<\/li>\n\t\t\t<li>\n\t\t\t\t<span class='type trimproved'>\u0130yile\u015ftirme<\/span>\n\t\t\t\t<span class='content'>TV canl\u0131 yay\u0131n mod\u00fcl\u00fcnde performans iyile\u015ftirilmesi yap\u0131ld\u0131.<\/span>\n\t\t\t<\/li>\n\t\t\t<li>\n\t\t\t\t<span class='type trimproved'>\u0130yile\u015ftirme<\/span>\n\t\t\t\t<span class='content'>Mesaj kutusu mod\u00fcl\u00fcne tarih se\u00e7ene\u011fi eklendi.<\/span>\n\t\t\t<\/li>\n\t\t\t<li>\n\t\t\t\t<span class='type trimproved'>\u0130yile\u015ftirme<\/span>\n\t\t\t\t<span class='content'>G\u00f6nderilen anl\u0131k bildirim RSS\u2019teki haber ba\u015fl\u0131\u011f\u0131 ile ayn\u0131 metine sahipse haberin i\u00e7eri\u011fine y\u00f6nlendirme yapma \u00f6zelli\u011fi getirildi.<\/span>\n\t\t\t<\/li>\n\t\t\t<li>\n\t\t\t\t<span class='type trbugfix'>Hata Giderme<\/span>\n\t\t\t\t<span class='content'>Standart i\u00e7erik mod\u00fcl\u00fcnde yaz\u0131n\u0131n eksik gelme hatas\u0131 giderildi.<\/span>\n\t\t\t<\/li><\/ul><\/div>\n<\/div>\n","protected":false},"excerpt":{"rendered":"<p>T\u00fcm g\u00fcncellemelerden haberdar olabilmek i\u00e7in\u00a0Android versiyon notlar\u0131\u00a0ve\u00a0Kontrol Paneli versiyon notlar\u0131\u00a0da g\u00f6z atabilirsiniz. Yeni versiyonu uygulaman\u0131zda aktif edebilmek i\u00e7in iOS uygulaman\u0131z\u0131 Apple App Store\u2019da g\u00fcncellemeniz gerekmektedir. iOS uygulaman\u0131z\u0131 nas\u0131l g\u00fcncelleyebilece\u011finizle ilgili detayl\u0131 bilgiye\u00a0buradan\u00a0ula\u015fabilirsiniz.<\/p>\n","protected":false},"author":1,"featured_media":0,"parent":0,"menu_order":0,"comment_status":"closed","ping_status":"closed","template":"","meta":{"footnotes":""},"class_list":["post-6421","page","type-page","status-publish","hentry"],"yoast_head":"<!-- This site is optimized with the Yoast SEO plugin v23.2 - https:\/\/yoast.com\/wordpress\/plugins\/seo\/ -->\n<title>iOS Versiyon Notlar\u0131 - Mobiroller Bilgi Bankas\u0131<\/title>\n<meta name=\"description\" content=\"Mobiroller platformu iOS cihazlar i\u00e7in en son geli\u015fmelere g\u00f6z at\u0131n. Hata d\u00fczeltmeleri, geli\u015ftirmeler, yeni \u00f6zellikler ve daha fazlas\u0131 ...\" \/>\n<meta name=\"robots\" content=\"index, follow, max-snippet:-1, max-image-preview:large, max-video-preview:-1\" \/>\n<link rel=\"canonical\" href=\"https:\/\/support.mobiroller.com\/tr\/ios-versiyon-notlari\/\" \/>\n<meta property=\"og:locale\" content=\"tr_TR\" \/>\n<meta property=\"og:type\" content=\"article\" \/>\n<meta property=\"og:title\" content=\"iOS Versiyon Notlar\u0131 - Mobiroller Bilgi Bankas\u0131\" \/>\n<meta property=\"og:description\" content=\"Mobiroller platformu iOS cihazlar i\u00e7in en son geli\u015fmelere g\u00f6z at\u0131n. Hata d\u00fczeltmeleri, geli\u015ftirmeler, yeni \u00f6zellikler ve daha fazlas\u0131 ...\" \/>\n<meta property=\"og:url\" content=\"https:\/\/support.mobiroller.com\/tr\/ios-versiyon-notlari\/\" \/>\n<meta property=\"og:site_name\" content=\"Mobiroller Bilgi Bankas\u0131\" \/>\n<meta property=\"article:modified_time\" content=\"2021-09-12T21:25:17+00:00\" \/>\n<meta name=\"twitter:card\" content=\"summary_large_image\" \/>\n<script type=\"application\/ld+json\" class=\"yoast-schema-graph\">{\"@context\":\"https:\/\/schema.org\",\"@graph\":[{\"@type\":\"WebPage\",\"@id\":\"https:\/\/support.mobiroller.com\/tr\/ios-versiyon-notlari\/\",\"url\":\"https:\/\/support.mobiroller.com\/tr\/ios-versiyon-notlari\/\",\"name\":\"iOS Versiyon Notlar\u0131 - Mobiroller Bilgi Bankas\u0131\",\"isPartOf\":{\"@id\":\"https:\/\/support.mobiroller.com\/en\/#website\"},\"datePublished\":\"2020-04-15T08:54:24+00:00\",\"dateModified\":\"2021-09-12T21:25:17+00:00\",\"description\":\"Mobiroller platformu iOS cihazlar i\u00e7in en son geli\u015fmelere g\u00f6z at\u0131n. Hata d\u00fczeltmeleri, geli\u015ftirmeler, yeni \u00f6zellikler ve daha fazlas\u0131 ...\",\"breadcrumb\":{\"@id\":\"https:\/\/support.mobiroller.com\/tr\/ios-versiyon-notlari\/#breadcrumb\"},\"inLanguage\":\"tr\",\"potentialAction\":[{\"@type\":\"ReadAction\",\"target\":[\"https:\/\/support.mobiroller.com\/tr\/ios-versiyon-notlari\/\"]}]},{\"@type\":\"BreadcrumbList\",\"@id\":\"https:\/\/support.mobiroller.com\/tr\/ios-versiyon-notlari\/#breadcrumb\",\"itemListElement\":[{\"@type\":\"ListItem\",\"position\":1,\"name\":\"Home\",\"item\":\"https:\/\/support.mobiroller.com\/tr\/\"},{\"@type\":\"ListItem\",\"position\":2,\"name\":\"iOS Versiyon Notlar\u0131\"}]},{\"@type\":\"WebSite\",\"@id\":\"https:\/\/support.mobiroller.com\/en\/#website\",\"url\":\"https:\/\/support.mobiroller.com\/en\/\",\"name\":\"Mobiroller Bilgi Bankas\u0131\",\"description\":\"Make your own mobile app!\",\"publisher\":{\"@id\":\"https:\/\/support.mobiroller.com\/en\/#organization\"},\"potentialAction\":[{\"@type\":\"SearchAction\",\"target\":{\"@type\":\"EntryPoint\",\"urlTemplate\":\"https:\/\/support.mobiroller.com\/en\/?s={search_term_string}\"},\"query-input\":\"required name=search_term_string\"}],\"inLanguage\":\"tr\"},{\"@type\":\"Organization\",\"@id\":\"https:\/\/support.mobiroller.com\/en\/#organization\",\"name\":\"Mobiroller App Maker\",\"url\":\"https:\/\/support.mobiroller.com\/en\/\",\"logo\":{\"@type\":\"ImageObject\",\"inLanguage\":\"tr\",\"@id\":\"https:\/\/support.mobiroller.com\/en\/#\/schema\/logo\/image\/\",\"url\":\"https:\/\/support.mobiroller.com\/wp-content\/uploads\/2015\/06\/logo.png\",\"contentUrl\":\"https:\/\/support.mobiroller.com\/wp-content\/uploads\/2015\/06\/logo.png\",\"width\":296,\"height\":70,\"caption\":\"Mobiroller App Maker\"},\"image\":{\"@id\":\"https:\/\/support.mobiroller.com\/en\/#\/schema\/logo\/image\/\"}}]}<\/script>\n<!-- \/ Yoast SEO plugin. -->","yoast_head_json":{"title":"iOS Versiyon Notlar\u0131 - Mobiroller Bilgi Bankas\u0131","description":"Mobiroller platformu iOS cihazlar i\u00e7in en son geli\u015fmelere g\u00f6z at\u0131n. Hata d\u00fczeltmeleri, geli\u015ftirmeler, yeni \u00f6zellikler ve daha fazlas\u0131 ...","robots":{"index":"index","follow":"follow","max-snippet":"max-snippet:-1","max-image-preview":"max-image-preview:large","max-video-preview":"max-video-preview:-1"},"canonical":"https:\/\/support.mobiroller.com\/tr\/ios-versiyon-notlari\/","og_locale":"tr_TR","og_type":"article","og_title":"iOS Versiyon Notlar\u0131 - Mobiroller Bilgi Bankas\u0131","og_description":"Mobiroller platformu iOS cihazlar i\u00e7in en son geli\u015fmelere g\u00f6z at\u0131n. Hata d\u00fczeltmeleri, geli\u015ftirmeler, yeni \u00f6zellikler ve daha fazlas\u0131 ...","og_url":"https:\/\/support.mobiroller.com\/tr\/ios-versiyon-notlari\/","og_site_name":"Mobiroller Bilgi Bankas\u0131","article_modified_time":"2021-09-12T21:25:17+00:00","twitter_card":"summary_large_image","schema":{"@context":"https:\/\/schema.org","@graph":[{"@type":"WebPage","@id":"https:\/\/support.mobiroller.com\/tr\/ios-versiyon-notlari\/","url":"https:\/\/support.mobiroller.com\/tr\/ios-versiyon-notlari\/","name":"iOS Versiyon Notlar\u0131 - Mobiroller Bilgi Bankas\u0131","isPartOf":{"@id":"https:\/\/support.mobiroller.com\/en\/#website"},"datePublished":"2020-04-15T08:54:24+00:00","dateModified":"2021-09-12T21:25:17+00:00","description":"Mobiroller platformu iOS cihazlar i\u00e7in en son geli\u015fmelere g\u00f6z at\u0131n. Hata d\u00fczeltmeleri, geli\u015ftirmeler, yeni \u00f6zellikler ve daha fazlas\u0131 ...","breadcrumb":{"@id":"https:\/\/support.mobiroller.com\/tr\/ios-versiyon-notlari\/#breadcrumb"},"inLanguage":"tr","potentialAction":[{"@type":"ReadAction","target":["https:\/\/support.mobiroller.com\/tr\/ios-versiyon-notlari\/"]}]},{"@type":"BreadcrumbList","@id":"https:\/\/support.mobiroller.com\/tr\/ios-versiyon-notlari\/#breadcrumb","itemListElement":[{"@type":"ListItem","position":1,"name":"Home","item":"https:\/\/support.mobiroller.com\/tr\/"},{"@type":"ListItem","position":2,"name":"iOS Versiyon Notlar\u0131"}]},{"@type":"WebSite","@id":"https:\/\/support.mobiroller.com\/en\/#website","url":"https:\/\/support.mobiroller.com\/en\/","name":"Mobiroller Bilgi Bankas\u0131","description":"Make your own mobile app!","publisher":{"@id":"https:\/\/support.mobiroller.com\/en\/#organization"},"potentialAction":[{"@type":"SearchAction","target":{"@type":"EntryPoint","urlTemplate":"https:\/\/support.mobiroller.com\/en\/?s={search_term_string}"},"query-input":"required name=search_term_string"}],"inLanguage":"tr"},{"@type":"Organization","@id":"https:\/\/support.mobiroller.com\/en\/#organization","name":"Mobiroller App Maker","url":"https:\/\/support.mobiroller.com\/en\/","logo":{"@type":"ImageObject","inLanguage":"tr","@id":"https:\/\/support.mobiroller.com\/en\/#\/schema\/logo\/image\/","url":"https:\/\/support.mobiroller.com\/wp-content\/uploads\/2015\/06\/logo.png","contentUrl":"https:\/\/support.mobiroller.com\/wp-content\/uploads\/2015\/06\/logo.png","width":296,"height":70,"caption":"Mobiroller App Maker"},"image":{"@id":"https:\/\/support.mobiroller.com\/en\/#\/schema\/logo\/image\/"}}]}},"_links":{"self":[{"href":"https:\/\/support.mobiroller.com\/tr\/wp-json\/wp\/v2\/pages\/6421"}],"collection":[{"href":"https:\/\/support.mobiroller.com\/tr\/wp-json\/wp\/v2\/pages"}],"about":[{"href":"https:\/\/support.mobiroller.com\/tr\/wp-json\/wp\/v2\/types\/page"}],"author":[{"embeddable":true,"href":"https:\/\/support.mobiroller.com\/tr\/wp-json\/wp\/v2\/users\/1"}],"replies":[{"embeddable":true,"href":"https:\/\/support.mobiroller.com\/tr\/wp-json\/wp\/v2\/comments?post=6421"}],"version-history":[{"count":11,"href":"https:\/\/support.mobiroller.com\/tr\/wp-json\/wp\/v2\/pages\/6421\/revisions"}],"predecessor-version":[{"id":6434,"href":"https:\/\/support.mobiroller.com\/tr\/wp-json\/wp\/v2\/pages\/6421\/revisions\/6434"}],"wp:attachment":[{"href":"https:\/\/support.mobiroller.com\/tr\/wp-json\/wp\/v2\/media?parent=6421"}],"curies":[{"name":"wp","href":"https:\/\/api.w.org\/{rel}","templated":true}]}}